{"id":732,"date":"2023-08-04T19:59:53","date_gmt":"2023-08-04T19:59:53","guid":{"rendered":"http:\/\/picadasricasole.com\/?page_id=732"},"modified":"2026-01-31T04:40:31","modified_gmt":"2026-01-31T04:40:31","slug":"quienes-somos","status":"publish","type":"page","link":"https:\/\/picadasricasole.com\/index.php\/quienes-somos\/","title":{"rendered":"\u00bfQui\u00e9nes somos?"},"content":{"rendered":"\t\t<div data-elementor-type=\"wp-page\" data-elementor-id=\"732\" class=\"elementor elementor-732\">\n\t\t\t\t\t\t<section class=\"elementor-section elementor-top-section elementor-element elementor-element-194e6ce elementor-section-boxed elementor-section-height-default elementor-section-height-default\" data-id=\"194e6ce\" data-element_type=\"section\" data-e-type=\"section\">\n\t\t\t\t\t\t<div class=\"elementor-container elementor-column-gap-default\">\n\t\t\t\t\t<div class=\"elementor-column elementor-col-100 elementor-top-column elementor-element elementor-element-18a4783\" data-id=\"18a4783\" data-element_type=\"column\" data-e-type=\"column\">\n\t\t\t<div class=\"elementor-widget-wrap elementor-element-populated\">\n\t\t\t\t\t\t<div class=\"elementor-element elementor-element-9e16d5a elementor-widget elementor-widget-heading\" data-id=\"9e16d5a\" data-element_type=\"widget\" data-e-type=\"widget\" data-widget_type=\"heading.default\">\n\t\t\t\t<div class=\"elementor-widget-container\">\n\t\t\t\t\t<h2 class=\"elementor-heading-title elementor-size-default\">Nuestra Historia <\/h2>\t\t\t\t<\/div>\n\t\t\t\t<\/div>\n\t\t\t\t\t<\/div>\n\t\t<\/div>\n\t\t\t\t\t<\/div>\n\t\t<\/section>\n\t\t\t\t<section class=\"elementor-section elementor-top-section elementor-element elementor-element-b4e1ba3 elementor-section-boxed elementor-section-height-default elementor-section-height-default\" data-id=\"b4e1ba3\" data-element_type=\"section\" data-e-type=\"section\">\n\t\t\t\t\t\t<div class=\"elementor-container elementor-column-gap-default\">\n\t\t\t\t\t<div class=\"elementor-column elementor-col-100 elementor-top-column elementor-element elementor-element-65219c8\" data-id=\"65219c8\" data-element_type=\"column\" data-e-type=\"column\">\n\t\t\t<div class=\"elementor-widget-wrap elementor-element-populated\">\n\t\t\t\t\t\t<div class=\"elementor-element elementor-element-71876f8 elementor-widget elementor-widget-text-editor\" data-id=\"71876f8\" data-element_type=\"widget\" data-e-type=\"widget\" data-widget_type=\"text-editor.default\">\n\t\t\t\t<div class=\"elementor-widget-container\">\n\t\t\t\t\t\t\t\t\t<p class=\"_04xlpA direction-ltr align-center para-style-body\" style=\"text-align: left;\"><span class=\"WdYUQQ text-decoration-none text-strikethrough-none\" style=\"color: #000000;\">RICASOLE PICADAS, se fund\u00f3 el 01 de Junio de 2007, inicialmente como proyecto final de dos universitarias de Administraci\u00f3n de Empresas de la Universidad de la Salle; fue as\u00ed como se ide\u00f3\u00a0 el restaurante como modelo de negocio, enfocado a satisfacer el paladar de <\/span><span class=\"WdYUQQ text-decoration-none text-strikethrough-none\" style=\"color: #000000; font-size: 1rem;\">cada uno de los estudiantes, turistas, empresas y visitantes del sector. Con mas de 16 a\u00f1os de trayectoria, es<\/span><span class=\"WdYUQQ text-decoration-none text-strikethrough-none\" style=\"color: #000000; font-size: 1rem;\">\u00a0reconocido\u00a0<\/span><span style=\"color: #000000; font-size: 1rem;\">en la zona por su especialidad en platos a la parrilla y celebraci\u00f3n de eventos. Cuenta con excelente <\/span><span style=\"color: #000000; font-size: 1rem;\">ubicaci\u00f3n por estar en el Centro Hist\u00f3rico de la Candelaria, cerca a Universidades, hostales, hoteles, empresas del estado y privadas.<\/span><\/p>\t\t\t\t\t\t\t\t<\/div>\n\t\t\t\t<\/div>\n\t\t\t\t\t<\/div>\n\t\t<\/div>\n\t\t\t\t\t<\/div>\n\t\t<\/section>\n\t\t\t\t<section class=\"elementor-section elementor-top-section elementor-element elementor-element-ef5c7e8 elementor-section-boxed elementor-section-height-default elementor-section-height-default\" data-id=\"ef5c7e8\" data-element_type=\"section\" data-e-type=\"section\">\n\t\t\t\t\t\t<div class=\"elementor-container elementor-column-gap-default\">\n\t\t\t\t\t<div class=\"elementor-column elementor-col-100 elementor-top-column elementor-element elementor-element-4546281\" data-id=\"4546281\" data-element_type=\"column\" data-e-type=\"column\">\n\t\t\t<div class=\"elementor-widget-wrap elementor-element-populated\">\n\t\t\t\t\t\t<div class=\"elementor-element elementor-element-389f4de elementor-widget elementor-widget-heading\" data-id=\"389f4de\" data-element_type=\"widget\" data-e-type=\"widget\" data-widget_type=\"heading.default\">\n\t\t\t\t<div class=\"elementor-widget-container\">\n\t\t\t\t\t<h2 class=\"elementor-heading-title elementor-size-default\">Misi\u00f3n<\/h2>\t\t\t\t<\/div>\n\t\t\t\t<\/div>\n\t\t\t\t\t<\/div>\n\t\t<\/div>\n\t\t\t\t\t<\/div>\n\t\t<\/section>\n\t\t\t\t<section class=\"elementor-section elementor-top-section elementor-element elementor-element-6e7bf76 elementor-section-boxed elementor-section-height-default elementor-section-height-default\" data-id=\"6e7bf76\" data-element_type=\"section\" data-e-type=\"section\">\n\t\t\t\t\t\t<div class=\"elementor-container elementor-column-gap-default\">\n\t\t\t\t\t<div class=\"elementor-column elementor-col-100 elementor-top-column elementor-element elementor-element-251ae9f\" data-id=\"251ae9f\" data-element_type=\"column\" data-e-type=\"column\">\n\t\t\t<div class=\"elementor-widget-wrap elementor-element-populated\">\n\t\t\t\t\t\t<div class=\"elementor-element elementor-element-0825d4d elementor-widget elementor-widget-text-editor\" data-id=\"0825d4d\" data-element_type=\"widget\" data-e-type=\"widget\" data-widget_type=\"text-editor.default\">\n\t\t\t\t<div class=\"elementor-widget-container\">\n\t\t\t\t\t\t\t\t\t<p><span class=\"WdYUQQ text-decoration-none text-strikethrough-none\" style=\"color: #000000;\">Ricasole es un restaurante comprometido con el buen servicio y calidad de ofrecer platos a la parrilla Colombianos y artesanales, en un ambiente familiar<\/span> <span class=\"WdYUQQ text-decoration-none text-strikethrough-none\" style=\"color: #000000;\">que permite obtener una posici\u00f3n preferencial en los gustos de nuestros clientes para garantizar el crecimiento econ\u00f3mico de la empresa generando bienestar<\/span> <span class=\"WdYUQQ text-decoration-none text-strikethrough-none\" style=\"color: #000000;\">a sus colaboradores, proveedores y aliados.<\/span><\/p>\t\t\t\t\t\t\t\t<\/div>\n\t\t\t\t<\/div>\n\t\t\t\t\t<\/div>\n\t\t<\/div>\n\t\t\t\t\t<\/div>\n\t\t<\/section>\n\t\t\t\t<section class=\"elementor-section elementor-top-section elementor-element elementor-element-6abf5a7 elementor-section-boxed elementor-section-height-default elementor-section-height-default\" data-id=\"6abf5a7\" data-element_type=\"section\" data-e-type=\"section\">\n\t\t\t\t\t\t<div class=\"elementor-container elementor-column-gap-default\">\n\t\t\t\t\t<div class=\"elementor-column elementor-col-100 elementor-top-column elementor-element elementor-element-8d30f0e\" data-id=\"8d30f0e\" data-element_type=\"column\" data-e-type=\"column\">\n\t\t\t<div class=\"elementor-widget-wrap elementor-element-populated\">\n\t\t\t\t\t\t<div class=\"elementor-element elementor-element-c1ea8ac elementor-widget elementor-widget-heading\" data-id=\"c1ea8ac\" data-element_type=\"widget\" data-e-type=\"widget\" data-widget_type=\"heading.default\">\n\t\t\t\t<div class=\"elementor-widget-container\">\n\t\t\t\t\t<h2 class=\"elementor-heading-title elementor-size-default\">Visi\u00f3n<\/h2>\t\t\t\t<\/div>\n\t\t\t\t<\/div>\n\t\t\t\t\t<\/div>\n\t\t<\/div>\n\t\t\t\t\t<\/div>\n\t\t<\/section>\n\t\t\t\t<section class=\"elementor-section elementor-top-section elementor-element elementor-element-8d3144b elementor-section-boxed elementor-section-height-default elementor-section-height-default\" data-id=\"8d3144b\" data-element_type=\"section\" data-e-type=\"section\">\n\t\t\t\t\t\t<div class=\"elementor-container elementor-column-gap-default\">\n\t\t\t\t\t<div class=\"elementor-column elementor-col-100 elementor-top-column elementor-element elementor-element-69ef2fe\" data-id=\"69ef2fe\" data-element_type=\"column\" data-e-type=\"column\">\n\t\t\t<div class=\"elementor-widget-wrap elementor-element-populated\">\n\t\t\t\t\t\t<div class=\"elementor-element elementor-element-824a5d3 elementor-widget elementor-widget-text-editor\" data-id=\"824a5d3\" data-element_type=\"widget\" data-e-type=\"widget\" data-widget_type=\"text-editor.default\">\n\t\t\t\t<div class=\"elementor-widget-container\">\n\t\t\t\t\t\t\t\t\t<p><span class=\"WdYUQQ text-decoration-none text-strikethrough-none\" style=\"color: #000000;\">Para el a\u00f1o 2028 RICASOLE PICADAS incrementar\u00e1 la participaci\u00f3n en el mercado bogotano y sus alrededores, logrando posicionar su marca caracterizada por los<\/span><span class=\"WdYUQQ text-decoration-none text-strikethrough-none\" style=\"color: #000000;\">\u00a0sabores aut\u00f3ctonos de Colombia en un ambiente familiar.<\/span><\/p>\t\t\t\t\t\t\t\t<\/div>\n\t\t\t\t<\/div>\n\t\t\t\t\t<\/div>\n\t\t<\/div>\n\t\t\t\t\t<\/div>\n\t\t<\/section>\n\t\t\t\t<section class=\"elementor-section elementor-top-section elementor-element elementor-element-6d90288 elementor-section-boxed elementor-section-height-default elementor-section-height-default\" data-id=\"6d90288\" data-element_type=\"section\" data-e-type=\"section\">\n\t\t\t\t\t\t<div class=\"elementor-container elementor-column-gap-default\">\n\t\t\t\t\t<div class=\"elementor-column elementor-col-100 elementor-top-column elementor-element elementor-element-95077ca\" data-id=\"95077ca\" data-element_type=\"column\" data-e-type=\"column\">\n\t\t\t<div class=\"elementor-widget-wrap elementor-element-populated\">\n\t\t\t\t\t\t<div class=\"elementor-element elementor-element-eecbd68 elementor-widget elementor-widget-heading\" data-id=\"eecbd68\" data-element_type=\"widget\" data-e-type=\"widget\" data-widget_type=\"heading.default\">\n\t\t\t\t<div class=\"elementor-widget-container\">\n\t\t\t\t\t<h2 class=\"elementor-heading-title elementor-size-default\">Prop\u00f3sito<\/h2>\t\t\t\t<\/div>\n\t\t\t\t<\/div>\n\t\t\t\t\t<\/div>\n\t\t<\/div>\n\t\t\t\t\t<\/div>\n\t\t<\/section>\n\t\t\t\t<section class=\"elementor-section elementor-top-section elementor-element elementor-element-acd57d5 elementor-section-boxed elementor-section-height-default elementor-section-height-default\" data-id=\"acd57d5\" data-element_type=\"section\" data-e-type=\"section\">\n\t\t\t\t\t\t<div class=\"elementor-container elementor-column-gap-default\">\n\t\t\t\t\t<div class=\"elementor-column elementor-col-100 elementor-top-column elementor-element elementor-element-33e12ae\" data-id=\"33e12ae\" data-element_type=\"column\" data-e-type=\"column\">\n\t\t\t<div class=\"elementor-widget-wrap elementor-element-populated\">\n\t\t\t\t\t\t<div class=\"elementor-element elementor-element-0bc17c6 elementor-widget elementor-widget-text-editor\" data-id=\"0bc17c6\" data-element_type=\"widget\" data-e-type=\"widget\" data-widget_type=\"text-editor.default\">\n\t\t\t\t<div class=\"elementor-widget-container\">\n\t\t\t\t\t\t\t\t\t<div>\n<p><span style=\"color: #000000;\">En Ricasole servimos y atendemos a todos nuestros clientes con el Amor y bendici\u00f3n de hogar en familia.<\/span><\/p>\n<\/div>\t\t\t\t\t\t\t\t<\/div>\n\t\t\t\t<\/div>\n\t\t\t\t\t<\/div>\n\t\t<\/div>\n\t\t\t\t\t<\/div>\n\t\t<\/section>\n\t\t\t\t<\/div>\n\t\t","protected":false},"excerpt":{"rendered":"<p>Nuestra Historia RICASOLE PICADAS, se fund\u00f3 el 01 de Junio de 2007, inicialmente como proyecto final de dos universitarias de Administraci\u00f3n de Empresas de la&hellip;<\/p>\n","protected":false},"author":1,"featured_media":1113,"parent":0,"menu_order":0,"comment_status":"closed","ping_status":"closed","template":"","meta":{"footnotes":""},"class_list":["post-732","page","type-page","status-publish","has-post-thumbnail","hentry"],"_links":{"self":[{"href":"https:\/\/picadasricasole.com\/index.php\/wp-json\/wp\/v2\/pages\/732","targetHints":{"allow":["GET"]}}],"collection":[{"href":"https:\/\/picadasricasole.com\/index.php\/wp-json\/wp\/v2\/pages"}],"about":[{"href":"https:\/\/picadasricasole.com\/index.php\/wp-json\/wp\/v2\/types\/page"}],"author":[{"embeddable":true,"href":"https:\/\/picadasricasole.com\/index.php\/wp-json\/wp\/v2\/users\/1"}],"replies":[{"embeddable":true,"href":"https:\/\/picadasricasole.com\/index.php\/wp-json\/wp\/v2\/comments?post=732"}],"version-history":[{"count":13,"href":"https:\/\/picadasricasole.com\/index.php\/wp-json\/wp\/v2\/pages\/732\/revisions"}],"predecessor-version":[{"id":1197,"href":"https:\/\/picadasricasole.com\/index.php\/wp-json\/wp\/v2\/pages\/732\/revisions\/1197"}],"wp:featuredmedia":[{"embeddable":true,"href":"https:\/\/picadasricasole.com\/index.php\/wp-json\/wp\/v2\/media\/1113"}],"wp:attachment":[{"href":"https:\/\/picadasricasole.com\/index.php\/wp-json\/wp\/v2\/media?parent=732"}],"curies":[{"name":"wp","href":"https:\/\/api.w.org\/{rel}","templated":true}]}}